{"id":2,"date":"2014-10-01T12:30:26","date_gmt":"2014-10-01T12:30:26","guid":{"rendered":"http:\/\/geibrasile.com\/novo\/?page_id=2"},"modified":"2014-10-23T18:52:00","modified_gmt":"2014-10-23T18:52:00","slug":"pagina-exemplo","status":"publish","type":"page","link":"http:\/\/geibrasile.com\/?page_id=2&amp;lang=pt","title":{"rendered":"Pr\u00eamio Amerigo Vespucci"},"content":{"rendered":"<p>O principal objetivo desta homenagem \u00e9 premiar a cada dois anos duas personalidades, uma de cada pa\u00eds, quais sejam Brasil e It\u00e1lia, que tenham se destacado pelas realiza\u00e7\u00f5es pessoais e profissionais em favor da socializa\u00e7\u00e3o e do estreitamento dos la\u00e7os de parceria entre os dois pa\u00edses. Confira os premiados:<\/p>\n","protected":false},"excerpt":{"rendered":"<p>O principal objetivo desta homenagem \u00e9 premiar a cada dois anos duas personalidades, uma de cada pa\u00eds, quais sejam Brasil e It\u00e1lia, que tenham se destacado pelas realiza\u00e7\u00f5es pessoais e profissionais em favor da socializa\u00e7\u00e3o e do estreitamento dos la\u00e7os de parceria entre os dois pa\u00edses. Confira os premiados:<\/p>\n","protected":false},"author":1,"featured_media":0,"parent":0,"menu_order":1,"comment_status":"open","ping_status":"open","template":"page-premio-amerigo-vespucci.php","meta":[],"_links":{"self":[{"href":"http:\/\/geibrasile.com\/index.php?rest_route=\/wp\/v2\/pages\/2"}],"collection":[{"href":"http:\/\/geibrasile.com\/index.php?rest_route=\/wp\/v2\/pages"}],"about":[{"href":"http:\/\/geibrasile.com\/index.php?rest_route=\/wp\/v2\/types\/page"}],"author":[{"embeddable":true,"href":"http:\/\/geibrasile.com\/index.php?rest_route=\/wp\/v2\/users\/1"}],"replies":[{"embeddable":true,"href":"http:\/\/geibrasile.com\/index.php?rest_route=%2Fwp%2Fv2%2Fcomments&post=2"}],"version-history":[{"count":4,"href":"http:\/\/geibrasile.com\/index.php?rest_route=\/wp\/v2\/pages\/2\/revisions"}],"predecessor-version":[{"id":3312,"href":"http:\/\/geibrasile.com\/index.php?rest_route=\/wp\/v2\/pages\/2\/revisions\/3312"}],"wp:attachment":[{"href":"http:\/\/geibrasile.com\/index.php?rest_route=%2Fwp%2Fv2%2Fmedia&parent=2"}],"curies":[{"name":"wp","href":"https:\/\/api.w.org\/{rel}","templated":true}]}}